{"id":71,"date":"2011-12-09T13:11:47","date_gmt":"2011-12-09T12:11:47","guid":{"rendered":"http:\/\/paripa.de\/?page_id=71"},"modified":"2021-04-24T13:45:57","modified_gmt":"2021-04-24T11:45:57","slug":"paripa","status":"publish","type":"page","link":"https:\/\/paripa.de\/","title":{"rendered":""},"content":{"rendered":"<p>Seit vielen Jahren betreiben wir mit der Radspannerei in Kreuzberg ein Fahrradgesch\u00e4ft.<\/p>\n<p>Schlichte &amp; stabile Alltagsr\u00e4der sind seit jeher unsere Spezialit\u00e4t. Paripa ist unsere Eigenmarke, wir bauen sie individuell nach Wunsch abgestimmt in Kreuzberg. Mittlerweile haben wir zwei Rahmentypen entwickelt. Die <strong>Paripa Sport<\/strong>-Serie ist als schnelles Stadtrad und f\u00fcr Touren mit leichtem Gep\u00e4ck konzipert. Ihr Vorbild sind schlichte Stadtr\u00e4der in Kopenhagen, aber auch die franz\u00f6sischen Sportr\u00e4der der 20er bis 70er Jahre. Das zweite Modell ist etwas kr\u00e4ftiger gebaut, es vertr\u00e4gt dickere Reifen und kann mehr Gewicht tragen. Wir haben es <strong>Paripa JWD<\/strong> getauft.<\/p>\n<p><a href=\"..\/wp-content\/uploads\/2011\/11\/Paripa_K-serie_M\u00e9ral_538x595.jpg\"><img loading=\"lazy\" title=\"Paripa K-serie M\u00e9ral\" src=\"..\/wp-content\/uploads\/2011\/11\/Paripa_K-serie_M\u00e9ral_538x595.jpg\" alt=\"Paripa M\u00e9ral\" width=\"538\" height=\"595\" \/><\/a><\/p>\n<p><\/p>\n<figure class=\"wp-block-image\"><img alt=\"\"\/><\/figure>\n<p><\/p>\n","protected":false},"excerpt":{"rendered":"<p>Seit vielen Jahren betreiben wir mit der Radspannerei in Kreuzberg ein Fahrradgesch\u00e4ft. Schlichte &amp; stabile Alltagsr\u00e4der sind seit jeher unsere Spezialit\u00e4t. Paripa ist unsere Eigenmarke, wir bauen sie individuell nach Wunsch abgestimmt in Kreuzberg. Mittlerweile haben wir zwei Rahmentypen entwickelt. Die Paripa Sport-Serie ist als schnelles Stadtrad und f\u00fcr Touren mit leichtem Gep\u00e4ck konzipert. Ihr [&hellip;]<\/p>\n","protected":false},"author":4,"featured_media":0,"parent":0,"menu_order":0,"comment_status":"closed","ping_status":"closed","template":"","meta":[],"_links":{"self":[{"href":"https:\/\/paripa.de\/index.php?rest_route=\/wp\/v2\/pages\/71"}],"collection":[{"href":"https:\/\/paripa.de\/index.php?rest_route=\/wp\/v2\/pages"}],"about":[{"href":"https:\/\/paripa.de\/index.php?rest_route=\/wp\/v2\/types\/page"}],"author":[{"embeddable":true,"href":"https:\/\/paripa.de\/index.php?rest_route=\/wp\/v2\/users\/4"}],"replies":[{"embeddable":true,"href":"https:\/\/paripa.de\/index.php?rest_route=%2Fwp%2Fv2%2Fcomments&post=71"}],"version-history":[{"count":5,"href":"https:\/\/paripa.de\/index.php?rest_route=\/wp\/v2\/pages\/71\/revisions"}],"predecessor-version":[{"id":560,"href":"https:\/\/paripa.de\/index.php?rest_route=\/wp\/v2\/pages\/71\/revisions\/560"}],"wp:attachment":[{"href":"https:\/\/paripa.de\/index.php?rest_route=%2Fwp%2Fv2%2Fmedia&parent=71"}],"curies":[{"name":"wp","href":"https:\/\/api.w.org\/{rel}","templated":true}]}}