{"id":44,"date":"2011-12-01T13:20:31","date_gmt":"2011-12-01T12:20:31","guid":{"rendered":"http:\/\/paripa.de\/?page_id=44"},"modified":"2022-12-12T12:17:35","modified_gmt":"2022-12-12T11:17:35","slug":"geometrie","status":"publish","type":"page","link":"https:\/\/paripa.de\/?page_id=44","title":{"rendered":"Technische Daten"},"content":{"rendered":"<p><strong>Paripa Sport Diamant Rahmen<\/strong><\/p>\n<p><strong>Rahmenh\u00f6hen:<\/strong> 51, 54, 57, 60, 63cm (Mitte Tretlager bis Oberkante Oberrohr gemessen).<\/p>\n<p><strong>Rohrsatz:<\/strong> Sanko 4130 CrMo Stahl, Hauptrohre doppelt konifiziert, WIG geschwei\u00dft, geschmiedeter Gabelkopf mit eingel\u00f6teten Gabelbeinen<\/p>\n<p><strong>Ausfallenden:<\/strong> Geschmiedet semi-horizontal (mit Stellschrauben um f\u00fcr die Verwendung mit Kettenschaltung die Position des Laufrades im Ausfallende zu definieren). Die Einbaubreite betr\u00e4gt 132,5mm, damit k\u00f6nnen 130 &amp; 135mm Naben verwendet werden.<\/p>\n<p><strong>Bremsen:<\/strong> Passend f\u00fcr mid-reach Rennbremsen bis 57mm ( z.B. Tektro R 539 oder Shimano BR 650)<\/p>\n<p><strong>Anl\u00f6tteile:<\/strong> \u00d6sen f\u00fcr Schutzbleche am Vorder und Hinterrad, Gep\u00e4cktr\u00e4ger hinten, zwei Flaschenhalter und Schaltzugf\u00fchrung am Unterrohr bei Nabenschaltung. Schaltsockel am Unterrohr f\u00fcr Schalthebel oder Gegenhalter. 4 mm L\u00f6cher in Unterrohr und Hinterbaustrebe links f\u00fcr die Verlegung von Lichtkabel im Rahmen.<\/p>\n<p><strong>Sattelrohrdurchmesser:<\/strong> 27.2mm<\/p>\n<p><strong>Sattelklemmschelle:<\/strong> 30.0mm Alu (im Lieferumfang enthalten)<\/p>\n<p><strong>Steuerrohrdurchmesser:<\/strong> 1 Zoll Ahead (geschraubt gegen Aufpreis von 25 \u20ac)<\/p>\n<p><strong>Durchmesser der Umwerferschelle:<\/strong> 28.6mm<\/p>\n<p><strong>Tretlager:<\/strong> 68mm BSA 1.37\u02dd x 24t<\/p>\n<p><strong>Reifenfreiheit:<\/strong> 28 mm mit Schutzblechen, ca. 35mm ohne Schutzbleche abh\u00e4ngig vom Reifenhersteller und der Position des Hinterrades im Ausfallende.<\/p>\n<p><strong>Gabel:<\/strong> 4130 CroMo gel\u00f6tet mit geschmiedetem Gabelkopf und Ausfallenden. \u00d6sen f\u00fcr Schutzblech. 50mm Gabelvorbiegung.<\/p>\n<p>Die Rahmen sind in jeder <a href=\"https:\/\/de.wikipedia.org\/wiki\/RAL-Farbe\">RAL<\/a> Farbe erh\u00e4ltlich.<\/p>\n<p><strong>Preise:<\/strong> Paripa Sport Rahmen &amp; Gabel roh 450 \u20ac, pulverbeschichtet 550 \u20ac.<\/p>\n<p><strong>Paripa Sport M\u00e9ral Rahmen<\/strong><\/p>\n<p>Gr\u00f6\u00dftenteils identisch mit der Diamant Rahmenform bis auf:<\/p>\n<p><strong>Rahmenh\u00f6hen:<\/strong> 48, 52, 56cm (Mitte Tretlager bis Oberkante Sattelrohr gemessen, das Steuerrohr endet 2cm \u00fcber Sattelrohrniveau).<\/p>\n<p><strong>Rohrsatz:<\/strong> Sanko 4130 CrMo Stahl, Sattel- und Unterrohr doppelt konifiziert, WIG geschwei\u00dft<\/p>\n<p><strong>Bremsen:<\/strong> Passend f\u00fcr long-reach Rennbremsen bis 75mm ( z.B. Tektro R 559)<\/p>\n<p><strong>Anl\u00f6tteile:<\/strong> \u00d6sen f\u00fcr Schutzbleche am Vorder und Hinterrad, Gep\u00e4cktr\u00e4ger hinten, einen Flaschenhalter und Schaltzugf\u00fchrung am Unterrohr bei Nabenschaltung. Schaltsockel am Unterrohr f\u00fcr Schalthebel oder Gegenhalter. 4 mm L\u00f6cher in Unterrohr und Hinterbaustrebe links f\u00fcr die Verlegung von Lichtkabel im Rahmen.<\/p>\n<p><strong>Reifenfreiheit:<\/strong> 32mm mit Schutzblechen, ca. 37mm ohne Schutzbleche abh\u00e4ngig vom Hersteller und der Position des Hinterrades im Ausfallende.<\/p>\n<p><strong>Paripa JWD Rahmen<\/strong><\/p>\n<p><strong>Rahmenh\u00f6hen:<\/strong> 50, 53, 56, 59, 62cm (Mitte Tretlager bis Oberkante Oberrohr gemessen).<\/p>\n<p><strong>Rohrsatz:<\/strong> Sanko 4130 CrMo Stahl, Hauptrohre doppelt konifiziert, WIG geschwei\u00dft, geschmiedeter Gabelkopf mit eingel\u00f6teten Gabelbeinen<\/p>\n<p><strong>Ausfallenden:<\/strong> Geschmiedet semi-horizontal (mit Stellschrauben um f\u00fcr die Verwendung mit Kettenschaltung die Position des Laufrades im Ausfallende zu definieren). Die Einbaubreite betr\u00e4gt 132,5mm, damit k\u00f6nnen 130 &amp; 135mm Naben verwendet werden.<\/p>\n<p><strong>Bremsen:<\/strong> Cantileversockel f\u00fcr V-Brakes oder Cantileverbremsen<\/p>\n<p><strong>Anl\u00f6tteile:<\/strong> \u00d6sen f\u00fcr Schutzbleche am Vorder und Hinterrad, Gep\u00e4cktr\u00e4ger vorn &amp; hinten, zwei Flaschenhalter und Schaltzugf\u00fchrung am Unterrohr bei Nabenschaltung. Schaltsockel am Unterrohr f\u00fcr Schalthebel oder Gegenhalter. 4mm L\u00f6cher in Unterrohr und Hinterbaustrebe links f\u00fcr die Verlegung von Lichtkabel im Rahmen.<\/p>\n<p><strong>Sattelrohrdurchmesser:<\/strong> 27.2mm<\/p>\n<p><strong>Sattelklemmschelle:<\/strong> 30.0mm Alu (im Lieferumfang enthalten)<\/p>\n<p><strong>Steuerrohrdurchmesser:<\/strong> 1 1\/8 Zoll Ahead (geschraubt gegen Aufpreis von 20 \u20ac)<\/p>\n<p><strong>Durchmesser der Umwerferschelle:<\/strong> 28.6mm<\/p>\n<p><strong>Tretlager:<\/strong> 68mm BSA 1.37\u02dd x 24t<\/p>\n<p><strong>Reifenfreiheit:<\/strong> 40mm mit Schutzblechen, ca. 44mm ohne Schutzbleche abh\u00e4ngig vom Reifenhersteller und der Position des Hinterrades im Ausfallende.<\/p>\n<p><strong>Gabel:<\/strong> 4130 CroMo gel\u00f6tet mit geschmiedetem Gabelkopf und Ausfallenden. \u00d6sen f\u00fcr Schutzblech, Low Rider und Lichtkabel-Verlegung. 55mm Gabelvorbiegung.<\/p>\n<p>Die Rahmen sind in jeder <a href=\"https:\/\/de.wikipedia.org\/wiki\/RAL-Farbe\">RAL<\/a> Farbe erh\u00e4ltlich.<\/p>\n<p><strong>Preise:<\/strong> Rahmen &amp; Gabel roh 500 \u20ac, pulverbeschichtet 600 \u20ac.<\/p>\n<p><strong>Rahmengeometrie <\/strong>Paripa Sport Diamant<\/p>\n<p><img loading=\"lazy\" class=\"alignnone\" src=\"https:\/\/paripa.de\/wp-content\/uploads\/2011\/12\/paripa-geometrie-600x430-1-b.jpg\" alt=\"\" width=\"600\" height=\"430\" \/><\/p>\n<table border=\"0\" width=\"600\">\n<tbody>\n<tr>\n<td width=\"200\">A: Rahmenh\u00f6he<\/td>\n<td width=\"80\">510<\/td>\n<td width=\"80\">540<\/td>\n<td width=\"80\">570<\/td>\n<td width=\"80\">600<\/td>\n<td width=\"80\">630<\/td>\n<\/tr>\n<tr>\n<td><\/td>\n<td><\/td>\n<td><\/td>\n<td><\/td>\n<td><\/td>\n<td><\/td>\n<\/tr>\n<tr>\n<td>B: Oberrohr<\/td>\n<td>545<\/td>\n<td>545<\/td>\n<td>565<\/td>\n<td>590<\/td>\n<td>610<\/td>\n<\/tr>\n<tr>\n<td>C: Steuerrohrwinkel<\/td>\n<td>72,0\u00b0<\/td>\n<td>72,5\u00b0<\/td>\n<td>73,0\u00b0<\/td>\n<td>73,5\u00b0<\/td>\n<td>74,0\u00b0<\/td>\n<\/tr>\n<tr>\n<td>D: Sattelrohrwinkel<\/td>\n<td>74,5\u00b0<\/td>\n<td>73,5\u00b0<\/td>\n<td>73,0\u00b0<\/td>\n<td>72,5\u00b0<\/td>\n<td>72,5\u00b0<\/td>\n<\/tr>\n<tr>\n<td><\/td>\n<td><\/td>\n<td><\/td>\n<td><\/td>\n<td><\/td>\n<td><\/td>\n<\/tr>\n<tr>\n<td>E: Kettenstreben<\/td>\n<td>427<\/td>\n<td>427<\/td>\n<td>427<\/td>\n<td>427<\/td>\n<td>427<\/td>\n<\/tr>\n<tr>\n<td><\/td>\n<td><\/td>\n<td><\/td>\n<td><\/td>\n<td><\/td>\n<td><\/td>\n<\/tr>\n<tr>\n<td>F: Radstand<\/td>\n<td>1016<\/td>\n<td>1004<\/td>\n<td>1015<\/td>\n<td>1030<\/td>\n<td>1044<\/td>\n<\/tr>\n<tr>\n<td><\/td>\n<td><\/td>\n<td><\/td>\n<td><\/td>\n<td><\/td>\n<td><\/td>\n<\/tr>\n<tr>\n<td>\u00dcberstandsh\u00f6he bei 32 mm Bereifung<\/td>\n<td>762<\/td>\n<td>792<\/td>\n<td>822<\/td>\n<td>852<\/td>\n<td>882<\/td>\n<\/tr>\n<tr>\n<td><\/td>\n<td><\/td>\n<td><\/td>\n<td><\/td>\n<td><\/td>\n<td><\/td>\n<\/tr>\n<tr>\n<td>G: Gabelvorbiegung<\/td>\n<td>50<\/td>\n<td>50<\/td>\n<td>50<\/td>\n<td>50<\/td>\n<td>50<\/td>\n<\/tr>\n<\/tbody>\n<\/table>\n<p><strong>Rahmengeometrie <\/strong>Paripa Sport M\u00e9ral<\/p>\n<p><img loading=\"lazy\" class=\"alignnone\" src=\"http:\/\/paripa.de\/wp-content\/uploads\/2011\/12\/paripa_geometrie_m\u00e9ral.jpg\" alt=\"\" width=\"600\" height=\"430\" \/><\/p>\n<table border=\"0\" width=\"600\">\n<tbody>\n<tr>\n<td width=\"200\">A: Rahmenh\u00f6he<\/td>\n<td width=\"80\">480<\/td>\n<td width=\"80\">520<\/td>\n<td width=\"80\">560<\/td>\n<\/tr>\n<tr>\n<td><\/td>\n<td><\/td>\n<td><\/td>\n<td><\/td>\n<td><\/td>\n<td><\/td>\n<\/tr>\n<tr>\n<td>B: Oberrohr<\/td>\n<td>540<\/td>\n<td>565<\/td>\n<td>585<\/td>\n<\/tr>\n<tr>\n<td>C: Steuerrohrwinkel<\/td>\n<td>72,0\u00b0<\/td>\n<td>72,0\u00b0<\/td>\n<td>72,0\u00b0<\/td>\n<\/tr>\n<tr>\n<td>D: Sattelrohrwinkel<\/td>\n<td>74,5\u00b0<\/td>\n<td>73,5\u00b0<\/td>\n<td>73,0\u00b0<\/td>\n<\/tr>\n<tr>\n<td><\/td>\n<td><\/td>\n<td><\/td>\n<td><\/td>\n<td><\/td>\n<td><\/td>\n<\/tr>\n<tr>\n<td>E: Kettenstreben<\/td>\n<td>427<\/td>\n<td>427<\/td>\n<td>427<\/td>\n<\/tr>\n<tr>\n<td><\/td>\n<td><\/td>\n<td><\/td>\n<td><\/td>\n<td><\/td>\n<td><\/td>\n<\/tr>\n<tr>\n<td>F: Radstand<\/td>\n<td>1014<\/td>\n<td>1030<\/td>\n<td>1040<\/td>\n<\/tr>\n<tr>\n<td><\/td>\n<td><\/td>\n<td><\/td>\n<td><\/td>\n<td><\/td>\n<td><\/td>\n<\/tr>\n<tr>\n<td>G: Gabelvorbiegung<\/td>\n<td>50<\/td>\n<td>50<\/td>\n<td>50<\/td>\n<\/tr>\n<\/tbody>\n<\/table>\n<p><strong><br \/>\nRahmengeometrie<\/strong> Paripa jwd<\/p>\n<p><img loading=\"lazy\" class=\"alignnone\" src=\"https:\/\/paripa.de\/wp-content\/uploads\/2011\/12\/paripa-geometrie-600x430-1-b.jpg\" alt=\"\" width=\"600\" height=\"430\" \/><\/p>\n<table border=\"0\" width=\"600\">\n<tbody>\n<tr>\n<td width=\"200\">A: Rahmenh\u00f6he<\/td>\n<td width=\"80\">500<\/td>\n<td width=\"80\">530<\/td>\n<td width=\"80\">560<\/td>\n<td width=\"80\">590<\/td>\n<td width=\"80\">620<\/td>\n<\/tr>\n<tr>\n<td><\/td>\n<td><\/td>\n<td><\/td>\n<td><\/td>\n<td><\/td>\n<td><\/td>\n<\/tr>\n<tr>\n<td>B: Oberrohrl\u00e4nge<\/td>\n<td>540<\/td>\n<td>553<\/td>\n<td>570<\/td>\n<td>590<\/td>\n<td>610<\/td>\n<\/tr>\n<tr>\n<td>C: Steuerrohrwinkel<\/td>\n<td>72,0\u00b0<\/td>\n<td>72,0\u00b0<\/td>\n<td>72,0\u00b0<\/td>\n<td>72,0\u00b0<\/td>\n<td>72,0\u00b0<\/td>\n<\/tr>\n<tr>\n<td>D: Sattelrohrwinkel<\/td>\n<td>74,0\u00b0<\/td>\n<td>73,0\u00b0<\/td>\n<td>72,5\u00b0<\/td>\n<td>72,0\u00b0<\/td>\n<td>72,0\u00b0<\/td>\n<\/tr>\n<tr>\n<td><\/td>\n<td><\/td>\n<td><\/td>\n<td><\/td>\n<td><\/td>\n<td><\/td>\n<\/tr>\n<tr>\n<td>E: Kettenstreben<\/td>\n<td>445<\/td>\n<td>445<\/td>\n<td>445<\/td>\n<td>445<\/td>\n<td>445<\/td>\n<\/tr>\n<tr>\n<td><\/td>\n<td><\/td>\n<td><\/td>\n<td><\/td>\n<td><\/td>\n<td><\/td>\n<\/tr>\n<tr>\n<td>F: Radstand<\/td>\n<td>1039<\/td>\n<td>1039<\/td>\n<td>1047<\/td>\n<td>1061<\/td>\n<td>1081<\/td>\n<\/tr>\n<tr>\n<td><\/td>\n<td><\/td>\n<td><\/td>\n<td><\/td>\n<td><\/td>\n<td><\/td>\n<\/tr>\n<tr>\n<td>\u00dcberstandsh\u00f6he bei 37 mm Bereifung<\/td>\n<td>769<\/td>\n<td>784<\/td>\n<td>808<\/td>\n<td>836<\/td>\n<td>865<\/td>\n<\/tr>\n<tr>\n<td>G: Gabelvorbiegung<\/td>\n<td>55<\/td>\n<td>55<\/td>\n<td>55<\/td>\n<td>55<\/td>\n<td>55<\/td>\n<\/tr>\n<\/tbody>\n<\/table>\n","protected":false},"excerpt":{"rendered":"<p>Paripa Sport Diamant Rahmen Rahmenh\u00f6hen: 51, 54, 57, 60, 63cm (Mitte Tretlager bis Oberkante Oberrohr gemessen). Rohrsatz: Sanko 4130 CrMo Stahl, Hauptrohre doppelt konifiziert, WIG geschwei\u00dft, geschmiedeter Gabelkopf mit eingel\u00f6teten Gabelbeinen Ausfallenden: Geschmiedet semi-horizontal (mit Stellschrauben um f\u00fcr die Verwendung mit Kettenschaltung die Position des Laufrades im Ausfallende zu definieren). Die Einbaubreite betr\u00e4gt 132,5mm, damit [&hellip;]<\/p>\n","protected":false},"author":4,"featured_media":0,"parent":0,"menu_order":0,"comment_status":"closed","ping_status":"closed","template":"","meta":[],"_links":{"self":[{"href":"https:\/\/paripa.de\/index.php?rest_route=\/wp\/v2\/pages\/44"}],"collection":[{"href":"https:\/\/paripa.de\/index.php?rest_route=\/wp\/v2\/pages"}],"about":[{"href":"https:\/\/paripa.de\/index.php?rest_route=\/wp\/v2\/types\/page"}],"author":[{"embeddable":true,"href":"https:\/\/paripa.de\/index.php?rest_route=\/wp\/v2\/users\/4"}],"replies":[{"embeddable":true,"href":"https:\/\/paripa.de\/index.php?rest_route=%2Fwp%2Fv2%2Fcomments&post=44"}],"version-history":[{"count":9,"href":"https:\/\/paripa.de\/index.php?rest_route=\/wp\/v2\/pages\/44\/revisions"}],"predecessor-version":[{"id":547,"href":"https:\/\/paripa.de\/index.php?rest_route=\/wp\/v2\/pages\/44\/revisions\/547"}],"wp:attachment":[{"href":"https:\/\/paripa.de\/index.php?rest_route=%2Fwp%2Fv2%2Fmedia&parent=44"}],"curies":[{"name":"wp","href":"https:\/\/api.w.org\/{rel}","templated":true}]}}