{"id":381,"date":"2019-01-24T14:26:06","date_gmt":"2019-01-24T13:26:06","guid":{"rendered":"http:\/\/paripa.de\/?page_id=381"},"modified":"2023-06-18T22:28:20","modified_gmt":"2023-06-18T20:28:20","slug":"paripa-sport-n8","status":"publish","type":"page","link":"https:\/\/paripa.de\/?page_id=381","title":{"rendered":"Paripa Sport N8"},"content":{"rendered":"<p><a href=\"https:\/\/paripa.de\/wp-content\/uploads\/2019\/01\/paripa_meral_k8_2000x1500.jpg\"><img loading=\"lazy\" class=\"aligncenter size-large wp-image-382\" title=\"paripa_meral_k8_2000x1500\" src=\"https:\/\/paripa.de\/wp-content\/uploads\/2019\/01\/paripa_meral_k8_2000x1500-1024x768.jpg\" alt=\"\" width=\"1024\" height=\"768\" srcset=\"https:\/\/paripa.de\/wp-content\/uploads\/2019\/01\/paripa_meral_k8_2000x1500-1024x768.jpg 1024w, https:\/\/paripa.de\/wp-content\/uploads\/2019\/01\/paripa_meral_k8_2000x1500-300x225.jpg 300w, https:\/\/paripa.de\/wp-content\/uploads\/2019\/01\/paripa_meral_k8_2000x1500-768x576.jpg 768w, https:\/\/paripa.de\/wp-content\/uploads\/2019\/01\/paripa_meral_k8_2000x1500-1536x1152.jpg 1536w, https:\/\/paripa.de\/wp-content\/uploads\/2019\/01\/paripa_meral_k8_2000x1500-642x482.jpg 642w, https:\/\/paripa.de\/wp-content\/uploads\/2019\/01\/paripa_meral_k8_2000x1500-978x734.jpg 978w, https:\/\/paripa.de\/wp-content\/uploads\/2019\/01\/paripa_meral_k8_2000x1500.jpg 2000w\" sizes=\"(max-width: 1024px) 100vw, 1024px\" \/><\/a>Das Paripa Sport N8 statten wir mit einer Shimano Alfine 8-Gang Nabe aus. Diese Nabe gibt es nur mit Freilauf. Sie hat einen \u00dcbersetzungsbereich von 307%. Shimanos Alfine Naben bieten hohen Schaltkomfort und gleichm\u00e4\u00dfige Gangabstufung. Eine fl\u00fcssige Trittfrequenz, die angenehmes Fahren auch \u00fcber l\u00e4ngere Distanzen erm\u00f6glicht, ist damit kein Problem.<\/p>\n<p><strong>Wir empfehlen nach sorgf\u00e4ltiger Abw\u00e4gung folgende Standard Ausstattung<\/strong>:<\/p>\n<table border=\"0\" width=\"600\">\n<tbody>\n<tr>\n<td style=\"text-align: right;\" width=\"187\">Rahmen &amp; Gabel:<\/td>\n<td width=\"203\">PARIPA Sport<\/td>\n<\/tr>\n<tr>\n<td style=\"text-align: right;\">Gabel:<\/td>\n<td>1 Zoll mit Gewinde<\/td>\n<\/tr>\n<tr>\n<td style=\"text-align: right;\">Steuersatz:<\/td>\n<td>Tange mit gekapselten Lagern<\/td>\n<\/tr>\n<tr>\n<td style=\"text-align: right;\">Innenlager:<\/td>\n<td>4-Kant Industrielager<\/td>\n<\/tr>\n<tr>\n<td style=\"text-align: right;\">Kurbelsatz:<\/td>\n<td>Alu geschmidet 44 Z<\/td>\n<\/tr>\n<tr>\n<td style=\"text-align: right;\">Pedale:<\/td>\n<td>MKS IC-Lite<\/td>\n<\/tr>\n<tr>\n<td style=\"text-align: right;\">Bremsen (K\u00f6rper):<\/td>\n<td>Tektro R-539\/559<\/td>\n<\/tr>\n<tr>\n<td style=\"text-align: right;\">Bremshebel:<\/td>\n<td>Tektro FL540<\/td>\n<\/tr>\n<tr>\n<td style=\"text-align: right;\">Schalthebel:<\/td>\n<td style=\"text-align: left;\">Shimano Alfine 8<\/td>\n<\/tr>\n<tr>\n<td style=\"text-align: right;\">Ritzel:<\/td>\n<td>Shimano Alfine<\/td>\n<\/tr>\n<tr>\n<td style=\"text-align: right;\">Kette:<\/td>\n<td>KMC single<\/td>\n<\/tr>\n<tr>\n<td style=\"text-align: right;\">VR Nabe:<\/td>\n<td>Shimano 105<\/td>\n<\/tr>\n<tr>\n<td style=\"text-align: right;\">HR Nabe:<\/td>\n<td>Shimano Alfine 8-Gang<\/td>\n<\/tr>\n<tr>\n<td style=\"text-align: right;\">Felgen:<\/td>\n<td>Rigida Chrina Hohlkammer doppelt ge\u00f6st<\/td>\n<\/tr>\n<tr>\n<td style=\"text-align: right;\">Speichen:<\/td>\n<td>Niro<\/td>\n<\/tr>\n<tr>\n<td style=\"text-align: right;\">Reifen:<\/td>\n<td>Schwalbe Marathon Racer 30-622<\/td>\n<\/tr>\n<tr>\n<td style=\"text-align: right;\">Gep\u00e4cktr\u00e4ger:<\/td>\n<td>&#8212;<\/td>\n<\/tr>\n<tr>\n<td style=\"text-align: right;\">Lenker:<\/td>\n<td>Alu 12\u00b0<\/td>\n<\/tr>\n<tr>\n<td style=\"text-align: right;\">Vorbau:<\/td>\n<td>1 Zoll Schaft geschmiedet &amp; poliert<\/td>\n<\/tr>\n<tr>\n<td style=\"text-align: right;\">Griffe:<\/td>\n<td>Hand-eez Gummi gesch\u00e4umt<\/td>\n<\/tr>\n<tr>\n<td style=\"text-align: right;\">Sattelst\u00fctze:<\/td>\n<td>Patent<\/td>\n<\/tr>\n<tr>\n<td style=\"text-align: right;\">Sattel:<\/td>\n<td>Velo Fact<\/td>\n<\/tr>\n<tr>\n<td style=\"text-align: right;\">Schutzbleche:<\/td>\n<td>SKS Bluemels 35mm<\/td>\n<\/tr>\n<tr>\n<td style=\"text-align: right;\">Gesamtgewicht:<\/td>\n<td>ab 13,00 kg<\/td>\n<\/tr>\n<tr>\n<td><\/td>\n<td><\/td>\n<\/tr>\n<tr>\n<td style=\"text-align: right;\"><\/td>\n<td><\/td>\n<\/tr>\n<tr>\n<td><\/td>\n<td><\/td>\n<\/tr>\n<tr>\n<td style=\"text-align: right;\"><strong>Optionen:<\/strong><\/td>\n<td><\/td>\n<\/tr>\n<tr>\n<td style=\"text-align: right;\">Beleuchtung:<\/td>\n<td style=\"text-align: left;\"><\/td>\n<\/tr>\n<tr>\n<td style=\"text-align: right;\">&#8211; Nabendynamo:<\/td>\n<td>Shutter SV8<\/td>\n<\/tr>\n<tr>\n<td style=\"text-align: right;\">&#8211; Scheinwerfer LED \/ R\u00fccklicht LED:<\/td>\n<td>B&amp;M Eyc T \/ Toplight Line +<\/td>\n<\/tr>\n<tr>\n<td><\/td>\n<td><\/td>\n<\/tr>\n<tr>\n<td style=\"text-align: right;\">Lenker:<\/td>\n<td style=\"text-align: left;\">Toulouse schmal<\/td>\n<\/tr>\n<tr>\n<td><\/td>\n<td>Kalloy Alu 6\u00b0<\/td>\n<\/tr>\n<tr>\n<td style=\"text-align: right;\">Sattel aus Leder:<\/td>\n<td>Brooks B17<\/td>\n<\/tr>\n<tr>\n<td style=\"text-align: right;\">Griffe:<\/td>\n<td>Ergon Gp1 Biokork<\/td>\n<\/tr>\n<tr>\n<td style=\"text-align: right;\">Bereifung extra stabil:<\/td>\n<td>Schwalbe Marathon Plus 28-622<\/td>\n<\/tr>\n<tr>\n<td style=\"text-align: right;\">Schutzbleche:<\/td>\n<td>Gilles Berthoud Edelstahl<\/td>\n<\/tr>\n<tr>\n<td style=\"text-align: right;\">Laufradsicherung:<\/td>\n<td>Pitlock f\u00fcr VR &amp; HR<\/td>\n<\/tr>\n<\/tbody>\n<\/table>\n<p><strong>Technische Spezifikationen<\/strong><\/p>\n<p><strong> Diamant Rahmen<\/strong><\/p>\n<p><strong>Rahmenh\u00f6hen:<\/strong> 51, 54, 57, 60, 63cm (Mitte Tretlager bis Oberkante Oberrohr gemessen).<\/p>\n<p><strong>Rohrsatz:<\/strong> Sanko 4130 CrMo Stahl, Hauptrohre doppelt konifiziert, WIG geschwei\u00dft, geschmiedeter Gabelkopf mit eingel\u00f6teten Gabelbeinen<\/p>\n<p><strong>Ausfallenden:<\/strong> Geschmiedet semi-horizontal (mit Stellschrauben um f\u00fcr die Verwendung mit Kettenschaltung die Position des Laufrades im Ausfallende zu definieren). Die Einbaubreite betr\u00e4gt 132,5mm, damit k\u00f6nnen 130 &amp; 135mm Naben verwendet werden.<\/p>\n<p><strong>Bremsen:<\/strong> Passend f\u00fcr mid-reach Rennbremsen bis 57mm ( z.B. Tektro R 539 oder Shimano BR 650)<\/p>\n<p><strong>Anl\u00f6tteile:<\/strong> \u00d6sen f\u00fcr Schutzbleche am Vorder und Hinterrad, Gep\u00e4cktr\u00e4ger hinten, zwei Flaschenhalter und Schaltzugf\u00fchrung am Unterrohr bei Nabenschaltung. Schaltsockel am Unterrohr f\u00fcr Schalthebel oder Gegenhalter. 4mm L\u00f6cher in Unterrohr und Hinterbaustrebe links f\u00fcr die Verlegung von Lichtkabel im Rahmen.<\/p>\n<p><strong>Sattelrohrdurchmesser:<\/strong> 27.2mm<\/p>\n<p><strong>Sattelklemmschelle:<\/strong> 30.0mm Alu (im Lieferumfang enthalten)<\/p>\n<p><strong>Steuerrohrdurchmesser:<\/strong> 1 Zoll Ahead (geschraubt gegen Aufpreis von 25 \u20ac)<\/p>\n<p><strong>Durchmesser der Umwerferschelle:<\/strong> 28.6mm<\/p>\n<p><strong>Tretlager:<\/strong> 68mm BSA 1.37\u02dd x 24t<\/p>\n<p><strong>Reifenfreiheit:<\/strong> 28 mm mit Schutzblechen, ca. 35mm ohne Schutzbleche abh\u00e4ngig vom Reifenhersteller und der Position des Hinterrades im Ausfallende.<\/p>\n<p><strong>Gabel:<\/strong> 4130 CroMo gel\u00f6tet mit geschmiedetem Gabelkopf und Ausfallenden. \u00d6sen f\u00fcr Schutzblech. 50 mm Gabelvorbiegung.<\/p>\n<p>Die Rahmen sind in jeder <a href=\"https:\/\/de.wikipedia.org\/wiki\/RAL-Farbe\">RAL<\/a> Farbe erh\u00e4ltlich.<\/p>\n<p><strong>Rahmengeometrie <\/strong>Paripa K-Serie Diamant<\/p>\n<p><img loading=\"lazy\" class=\"alignnone\" src=\"https:\/\/paripa.de\/wp-content\/uploads\/2011\/12\/paripa-geometrie-600x430-1-b.jpg\" alt=\"\" width=\"600\" height=\"430\" \/><\/p>\n<table border=\"0\" width=\"600\">\n<tbody>\n<tr>\n<td width=\"200\">A: Rahmenh\u00f6he<\/td>\n<td width=\"80\">510<\/td>\n<td width=\"80\">540<\/td>\n<td width=\"80\">570<\/td>\n<td width=\"80\">600<\/td>\n<td width=\"80\">630<\/td>\n<\/tr>\n<tr>\n<td><\/td>\n<td><\/td>\n<td><\/td>\n<td><\/td>\n<td><\/td>\n<td><\/td>\n<\/tr>\n<tr>\n<td>B: Oberrohr<\/td>\n<td>545<\/td>\n<td>545<\/td>\n<td>565<\/td>\n<td>590<\/td>\n<td>610<\/td>\n<\/tr>\n<tr>\n<td>C: Steuerrohrwinkel<\/td>\n<td>72,0\u00b0<\/td>\n<td>72,5\u00b0<\/td>\n<td>73,0\u00b0<\/td>\n<td>73,5\u00b0<\/td>\n<td>74,0\u00b0<\/td>\n<\/tr>\n<tr>\n<td>D: Sattelrohrwinkel<\/td>\n<td>74,5\u00b0<\/td>\n<td>73,5\u00b0<\/td>\n<td>73,0\u00b0<\/td>\n<td>72,5\u00b0<\/td>\n<td>72,5\u00b0<\/td>\n<\/tr>\n<tr>\n<td><\/td>\n<td><\/td>\n<td><\/td>\n<td><\/td>\n<td><\/td>\n<td><\/td>\n<\/tr>\n<tr>\n<td>E: Kettenstreben<\/td>\n<td>427<\/td>\n<td>427<\/td>\n<td>427<\/td>\n<td>427<\/td>\n<td>427<\/td>\n<\/tr>\n<tr>\n<td><\/td>\n<td><\/td>\n<td><\/td>\n<td><\/td>\n<td><\/td>\n<td><\/td>\n<\/tr>\n<tr>\n<td>F: Radstand<\/td>\n<td>1016<\/td>\n<td>1004<\/td>\n<td>1015<\/td>\n<td>1030<\/td>\n<td>1044<\/td>\n<\/tr>\n<tr>\n<td><\/td>\n<td><\/td>\n<td><\/td>\n<td><\/td>\n<td><\/td>\n<td><\/td>\n<\/tr>\n<tr>\n<td>\u00dcberstandsh\u00f6he bei 32mm Bereifung<\/td>\n<td>762<\/td>\n<td>792<\/td>\n<td>822<\/td>\n<td>852<\/td>\n<td>882<\/td>\n<\/tr>\n<tr>\n<td><\/td>\n<td><\/td>\n<td><\/td>\n<td><\/td>\n<td><\/td>\n<td><\/td>\n<\/tr>\n<tr>\n<td>G: Gabelvorbiegung<\/td>\n<td>50<\/td>\n<td>50<\/td>\n<td>50<\/td>\n<td>50<\/td>\n<td>50<\/td>\n<\/tr>\n<\/tbody>\n<\/table>\n<p><strong>Paripa K-Serie M\u00e9ral Rahmen<\/strong><\/p>\n<p>Gr\u00f6\u00dftenteils identisch mit der Diamant Rahmenform bis auf:<\/p>\n<p><strong>Rahmenh\u00f6hen:<\/strong> 48, 52, 56 cm (Mitte Tretlager bis Oberkante Sattelrohr gemessen, das Steuerrohr endet 2cm \u00fcber Sattelrohrniveau).<\/p>\n<p><strong>Rohrsatz:<\/strong> Sanko 4130 CrMo Stahl, Sattel- und Unterrohr doppelt konifiziert, WIG geschwei\u00dft<\/p>\n<p><strong>Bremsen:<\/strong> Passend f\u00fcr long-reach Rennbremsen bis 75mm ( z.B. Tektro R 559)<\/p>\n<p><strong>Anl\u00f6tteile:<\/strong> \u00d6sen f\u00fcr Schutzbleche am Vorder und Hinterrad, Gep\u00e4cktr\u00e4ger hinten, <em>einen<\/em> Flaschenhalter und Schaltzugf\u00fchrung am Unterrohr bei Nabenschaltung. Schaltsockel am Unterrohr f\u00fcr Schalthebel oder Gegenhalter. 4mm L\u00f6cher in Unterrohr und Hinterbaustrebe links f\u00fcr die Verlegung von Lichtkabel im Rahmen.<\/p>\n<p><strong>Reifenfreiheit:<\/strong> 32mm mit Schutzblechen, ca. 37mm ohne Schutzbleche abh\u00e4ngig vom Hersteller und der Position des Hinterrades im Ausfallende.<br \/>\n<strong>Rahmengeometrie <\/strong>Paripa K-Serie M\u00e9ral<\/p>\n<p><img loading=\"lazy\" class=\"alignnone\" src=\"http:\/\/paripa.de\/wp-content\/uploads\/2011\/12\/paripa_geometrie_m\u00e9ral.jpg\" alt=\"\" width=\"600\" height=\"430\" \/><\/p>\n<table border=\"0\" width=\"600\">\n<tbody>\n<tr>\n<td width=\"200\">A: Rahmenh\u00f6he<\/td>\n<td width=\"80\">480<\/td>\n<td width=\"80\">520<\/td>\n<td width=\"80\">560<\/td>\n<\/tr>\n<tr>\n<td><\/td>\n<td><\/td>\n<td><\/td>\n<td><\/td>\n<td><\/td>\n<td><\/td>\n<\/tr>\n<tr>\n<td>B: Oberrohr<\/td>\n<td>540<\/td>\n<td>565<\/td>\n<td>585<\/td>\n<\/tr>\n<tr>\n<td>C: Steuerrohrwinkel<\/td>\n<td>72,0\u00b0<\/td>\n<td>72,0\u00b0<\/td>\n<td>72,0\u00b0<\/td>\n<\/tr>\n<tr>\n<td>D: Sattelrohrwinkel<\/td>\n<td>74,5\u00b0<\/td>\n<td>73,5\u00b0<\/td>\n<td>73,0\u00b0<\/td>\n<\/tr>\n<tr>\n<td><\/td>\n<td><\/td>\n<td><\/td>\n<td><\/td>\n<td><\/td>\n<td><\/td>\n<\/tr>\n<tr>\n<td>E: Kettenstreben<\/td>\n<td>427<\/td>\n<td>427<\/td>\n<td>427<\/td>\n<\/tr>\n<tr>\n<td><\/td>\n<td><\/td>\n<td><\/td>\n<td><\/td>\n<td><\/td>\n<td><\/td>\n<\/tr>\n<tr>\n<td>F: Radstand<\/td>\n<td>1014<\/td>\n<td>1030<\/td>\n<td>1040<\/td>\n<\/tr>\n<tr>\n<td><\/td>\n<td><\/td>\n<td><\/td>\n<td><\/td>\n<td><\/td>\n<td><\/td>\n<\/tr>\n<tr>\n<td>G: Gabelvorbiegung<\/td>\n<td>50<\/td>\n<td>50<\/td>\n<td>50<\/td>\n<\/tr>\n<\/tbody>\n<\/table>\n","protected":false},"excerpt":{"rendered":"<p>Das Paripa Sport N8 statten wir mit einer Shimano Alfine 8-Gang Nabe aus. Diese Nabe gibt es nur mit Freilauf. Sie hat einen \u00dcbersetzungsbereich von 307%. Shimanos Alfine Naben bieten hohen Schaltkomfort und gleichm\u00e4\u00dfige Gangabstufung. Eine fl\u00fcssige Trittfrequenz, die angenehmes Fahren auch \u00fcber l\u00e4ngere Distanzen erm\u00f6glicht, ist damit kein Problem. Wir empfehlen nach sorgf\u00e4ltiger Abw\u00e4gung [&hellip;]<\/p>\n","protected":false},"author":4,"featured_media":0,"parent":40,"menu_order":1,"comment_status":"closed","ping_status":"open","template":"","meta":[],"_links":{"self":[{"href":"https:\/\/paripa.de\/index.php?rest_route=\/wp\/v2\/pages\/381"}],"collection":[{"href":"https:\/\/paripa.de\/index.php?rest_route=\/wp\/v2\/pages"}],"about":[{"href":"https:\/\/paripa.de\/index.php?rest_route=\/wp\/v2\/types\/page"}],"author":[{"embeddable":true,"href":"https:\/\/paripa.de\/index.php?rest_route=\/wp\/v2\/users\/4"}],"replies":[{"embeddable":true,"href":"https:\/\/paripa.de\/index.php?rest_route=%2Fwp%2Fv2%2Fcomments&post=381"}],"version-history":[{"count":6,"href":"https:\/\/paripa.de\/index.php?rest_route=\/wp\/v2\/pages\/381\/revisions"}],"predecessor-version":[{"id":558,"href":"https:\/\/paripa.de\/index.php?rest_route=\/wp\/v2\/pages\/381\/revisions\/558"}],"up":[{"embeddable":true,"href":"https:\/\/paripa.de\/index.php?rest_route=\/wp\/v2\/pages\/40"}],"wp:attachment":[{"href":"https:\/\/paripa.de\/index.php?rest_route=%2Fwp%2Fv2%2Fmedia&parent=381"}],"curies":[{"name":"wp","href":"https:\/\/api.w.org\/{rel}","templated":true}]}}