{"id":37,"date":"2011-11-17T11:53:47","date_gmt":"2011-11-17T10:53:47","guid":{"rendered":"http:\/\/paripa.de\/?page_id=37"},"modified":"2011-11-17T11:53:47","modified_gmt":"2011-11-17T10:53:47","slug":"philosophie","status":"publish","type":"page","link":"https:\/\/paripa.de\/?page_id=37","title":{"rendered":"Philosophie"},"content":{"rendered":"<p>Wir glauben, das Fahrrad ist das ideale Fortbewegungsmittel f\u00fcr die Stadt. Es ist unschlagbar g\u00fcnstig in Anschaffung und Unterhalt, verbraucht wenig Platz, macht keinen L\u00e4rm und ist im Optimalfall auch f\u00fcr die Radelnden ein Genuss. Mehr Fahrr\u00e4der, das bedeutet f\u00fcr alle Menschen in der Stadt einen Gewinn an Lebensqualit\u00e4t.<\/p>\n<p>Das Fahrrad ist in diesem Sinne f\u00fcr uns ein Gebrauchsgegenstand und sollte auf Jahre ein verl\u00e4sslicher t\u00e4glicher Begleiter sein.<\/p>\n<p>Wenn Fahrrad und Fahrer_in harmonieren und der Wartungsaufwand minimiert ist, f\u00e4llt es leicht sich t\u00e4glich f\u00fcr das Fahrrad zu entscheiden. Und genau das wollen wir erreichen.<\/p>\n<p><a href=\"http:\/\/paripa.de\/wp-content\/uploads\/2011\/11\/paripa_im_garten_498x700.jpg\"><img loading=\"lazy\" class=\"size-full wp-image-57 alignnone\" title=\"paripa_im_garten_498x700.jpg\" src=\"http:\/\/paripa.de\/wp-content\/uploads\/2011\/11\/paripa_im_garten_498x700.jpg\" alt=\"\" width=\"498\" height=\"700\" \/><\/a><\/p>\n<p>&nbsp;<\/p>\n<p>Materialien und Technik unserer R\u00e4der orientieren sich daran:<br \/>\nUnser Rahmenmaterial ist Stahl- es ist ideal f\u00fcr den Bau von Fahrradrahmen, denn elastisch und stabil wie kein zweiter Werkstoff garantiert es hohen Komfort und Dauerhaftigkeit.<\/p>\n<p>Weniger ist mehr: Empfindliche, schwere und teure Federungs-Elemente werden \u00fcberfl\u00fcssig, das Fahrrad von unn\u00fctzem Ballast befreit.<br \/>\nNat\u00fcrlich kann auch ein Rahmen aus Stahl besch\u00e4digt werden, er l\u00e4sst sich aber eher reparieren als ein Modell aus Aluminium oder Kunststoff.<\/p>\n<p>Unsere Komponenten-Auswahl richtet sich nach vern\u00fcnftiger Qualit\u00e4t zu einem guten Preis bei maximaler Haltbarkeit, auch wenn das bedeutet, dass das Fahrrad dadurch etwas schwerer wird.<\/p>\n","protected":false},"excerpt":{"rendered":"<p>Wir glauben, das Fahrrad ist das ideale Fortbewegungsmittel f\u00fcr die Stadt. Es ist unschlagbar g\u00fcnstig in Anschaffung und Unterhalt, verbraucht wenig Platz, macht keinen L\u00e4rm und ist im Optimalfall auch f\u00fcr die Radelnden ein Genuss. Mehr Fahrr\u00e4der, das bedeutet f\u00fcr alle Menschen in der Stadt einen Gewinn an Lebensqualit\u00e4t. Das Fahrrad ist in diesem Sinne [&hellip;]<\/p>\n","protected":false},"author":5,"featured_media":0,"parent":0,"menu_order":0,"comment_status":"closed","ping_status":"closed","template":"","meta":[],"_links":{"self":[{"href":"https:\/\/paripa.de\/index.php?rest_route=\/wp\/v2\/pages\/37"}],"collection":[{"href":"https:\/\/paripa.de\/index.php?rest_route=\/wp\/v2\/pages"}],"about":[{"href":"https:\/\/paripa.de\/index.php?rest_route=\/wp\/v2\/types\/page"}],"author":[{"embeddable":true,"href":"https:\/\/paripa.de\/index.php?rest_route=\/wp\/v2\/users\/5"}],"replies":[{"embeddable":true,"href":"https:\/\/paripa.de\/index.php?rest_route=%2Fwp%2Fv2%2Fcomments&post=37"}],"version-history":[{"count":0,"href":"https:\/\/paripa.de\/index.php?rest_route=\/wp\/v2\/pages\/37\/revisions"}],"wp:attachment":[{"href":"https:\/\/paripa.de\/index.php?rest_route=%2Fwp%2Fv2%2Fmedia&parent=37"}],"curies":[{"name":"wp","href":"https:\/\/api.w.org\/{rel}","templated":true}]}}